{"id":34,"date":"2024-05-11T09:36:40","date_gmt":"2024-05-11T09:36:40","guid":{"rendered":"https:\/\/atlasveteriner.net\/?page_id=34"},"modified":"2024-05-11T10:25:41","modified_gmt":"2024-05-11T10:25:41","slug":"iletisim","status":"publish","type":"page","link":"https:\/\/atlasveteriner.net\/?page_id=34","title":{"rendered":"\u0130leti\u015fim"},"content":{"rendered":"\n<div class=\"wp-block-group alignfull has-global-padding is-layout-constrained wp-container-core-group-is-layout-19e250f3 wp-block-group-is-layout-constrained\">\n<div class=\"wp-block-columns alignfull are-vertically-aligned-center has-light-background-background-color has-background is-layout-flex wp-container-core-columns-is-layout-7c9548a8 wp-block-columns-is-layout-flex\" style=\"padding-top:0;padding-right:0;padding-bottom:0;padding-left:0\">\n<div class=\"wp-block-column is-vertically-aligned-center map-grayscale is-layout-flow wp-container-core-column-is-layout-241e0ad0 wp-block-column-is-layout-flow\" style=\"padding-top:0;padding-right:var(--wp--preset--spacing--x-small);padding-bottom:0;padding-left:var(--wp--preset--spacing--x-small);flex-basis:50%\">\n<iframe src=\"https:\/\/www.google.com\/maps\/embed?pb=!1m18!1m12!1m3!1d3201.530462272491!2d29.121331075295192!3d36.63768727684454!2m3!1f0!2f0!3f0!3m2!1i1024!2i768!4f13.1!3m3!1m2!1s0x14c0439b8cff2a31%3A0x33b662aa5fe0cfa1!2sAtlas%20Veteriner%20Klini%C4%9Fi!5e0!3m2!1str!2str!4v1715421047143!5m2!1str!2str\" width=\"600\" height=\"450\" style=\"border:0;\" allowfullscreen=\"\" loading=\"lazy\" referrerpolicy=\"no-referrer-when-downgrade\"><\/iframe>\n<\/div>\n\n\n\n<div class=\"wp-block-column is-vertically-aligned-center is-layout-flow wp-block-column-is-layout-flow\" style=\"padding-top:var(--wp--preset--spacing--small);padding-right:var(--wp--preset--spacing--small);padding-bottom:var(--wp--preset--spacing--small);padding-left:2%;flex-basis:50%\">\n<h3 class=\"wp-block-heading\"><strong>Adres<\/strong><\/h3>\n\n\n\n<p>Babata\u015f\u0131 Mahallesi Mustafa Kemal Bulvar\u0131 113\/B Fethiye\/MU\u011eLA<\/p>\n\n\n\n<h3 class=\"wp-block-heading\"><strong>Mail<\/strong><\/h3>\n\n\n\n<p>info@atlasveteriner.net<\/p>\n\n\n\n<h3 class=\"wp-block-heading\"><strong>Telefon<\/strong><\/h3>\n\n\n\n<p>0530 447 5817<\/p>\n\n\n\n<h3 class=\"wp-block-heading\"><strong>\u00c7al\u0131\u015fma Saatlerimiz<\/strong><\/h3>\n\n\n\n<p>7\/24 A\u00e7\u0131\u011f\u0131z<\/p>\n<\/div>\n<\/div>\n\n\n\n<h2 class=\"wp-block-heading has-text-align-center\">Sosyal Medya<\/h2>\n\n\n\n<div class=\"wp-block-buttons is-horizontal is-content-justification-center is-layout-flex wp-container-core-buttons-is-layout-f7e1d348 wp-block-buttons-is-layout-flex\" style=\"margin-top:var(--wp--preset--spacing--x-small);margin-bottom:var(--wp--preset--spacing--x-small)\">\n<div class=\"wp-block-button has-custom-font-size is-style-fill has-small-font-size\"><a class=\"wp-block-button__link has-primary-color has-text-color has-background has-link-color wp-element-button\" href=\"https:\/\/www.instagram.com\/fethiyeatlasveteriner\/\" style=\"background-color:#9ed1c2\"><strong>Instagram<\/strong><\/a><\/div>\n\n\n\n<div class=\"wp-block-button has-custom-font-size is-style-fill has-small-font-size\"><a class=\"wp-block-button__link has-primary-color has-text-color has-background has-link-color wp-element-button\" href=\"https:\/\/www.linkedin.com\/company\/fethiye-atlas-veteriner\/\" style=\"background-color:#9ed1c2\"><strong>LinkedIn<\/strong><\/a><\/div>\n<\/div>\n<\/div>\n","protected":false},"excerpt":{"rendered":"<p>Adres Babata\u015f\u0131 Mahallesi Mustafa Kemal Bulvar\u0131 113\/B Fethiye\/MU\u011eLA Mail info@atlasveteriner.net Telefon 0530 447 5817 \u00c7al\u0131\u015fma Saatlerimiz 7\/24 A\u00e7\u0131\u011f\u0131z Sosyal Medya<\/p>\n","protected":false},"author":1,"featured_media":0,"parent":0,"menu_order":0,"comment_status":"closed","ping_status":"closed","template":"","meta":{"footnotes":""},"class_list":["post-34","page","type-page","status-publish","hentry"],"yoast_head":"<!-- This site is optimized with the Yoast SEO plugin v23.4 - https:\/\/yoast.com\/wordpress\/plugins\/seo\/ -->\n<title>\u0130leti\u015fim - Atlas Veteriner Klini\u011fi<\/title>\n<meta name=\"description\" content=\"Atlas Veteriner Klini\u011fi Veteriner Hekim Tamer Toker \u0130leti\u015fim 0530 447 5817 Babata\u015f\u0131 Mahallesi Mustafa Kemal Bulvar\u0131 113\/B Fethiye\/Mu\u011fla\" \/>\n<meta name=\"robots\" content=\"index, follow, max-snippet:-1, max-image-preview:large, max-video-preview:-1\" \/>\n<link rel=\"canonical\" href=\"https:\/\/atlasveteriner.net\/?page_id=34\" \/>\n<meta property=\"og:locale\" content=\"tr_TR\" \/>\n<meta property=\"og:type\" content=\"article\" \/>\n<meta property=\"og:title\" content=\"\u0130leti\u015fim - Atlas Veteriner Klini\u011fi\" \/>\n<meta property=\"og:description\" content=\"Atlas Veteriner Klini\u011fi Veteriner Hekim Tamer Toker \u0130leti\u015fim 0530 447 5817 Babata\u015f\u0131 Mahallesi Mustafa Kemal Bulvar\u0131 113\/B Fethiye\/Mu\u011fla\" \/>\n<meta property=\"og:url\" content=\"https:\/\/atlasveteriner.net\/?page_id=34\" \/>\n<meta property=\"og:site_name\" content=\"Atlas Veteriner Klini\u011fi\" \/>\n<meta property=\"article:modified_time\" content=\"2024-05-11T10:25:41+00:00\" \/>\n<meta name=\"twitter:card\" content=\"summary_large_image\" \/>\n<meta name=\"twitter:label1\" content=\"Tahmini okuma s\u00fcresi\" \/>\n\t<meta name=\"twitter:data1\" content=\"1 dakika\" \/>\n<script type=\"application\/ld+json\" class=\"yoast-schema-graph\">{\"@context\":\"https:\/\/schema.org\",\"@graph\":[{\"@type\":\"WebPage\",\"@id\":\"https:\/\/atlasveteriner.net\/?page_id=34\",\"url\":\"https:\/\/atlasveteriner.net\/?page_id=34\",\"name\":\"\u0130leti\u015fim - Atlas Veteriner Klini\u011fi\",\"isPartOf\":{\"@id\":\"https:\/\/atlasveteriner.net\/#website\"},\"datePublished\":\"2024-05-11T09:36:40+00:00\",\"dateModified\":\"2024-05-11T10:25:41+00:00\",\"description\":\"Atlas Veteriner Klini\u011fi Veteriner Hekim Tamer Toker \u0130leti\u015fim 0530 447 5817 Babata\u015f\u0131 Mahallesi Mustafa Kemal Bulvar\u0131 113\/B Fethiye\/Mu\u011fla\",\"breadcrumb\":{\"@id\":\"https:\/\/atlasveteriner.net\/?page_id=34#breadcrumb\"},\"inLanguage\":\"tr\",\"potentialAction\":[{\"@type\":\"ReadAction\",\"target\":[\"https:\/\/atlasveteriner.net\/?page_id=34\"]}]},{\"@type\":\"BreadcrumbList\",\"@id\":\"https:\/\/atlasveteriner.net\/?page_id=34#breadcrumb\",\"itemListElement\":[{\"@type\":\"ListItem\",\"position\":1,\"name\":\"Anasayfa\",\"item\":\"https:\/\/atlasveteriner.net\/\"},{\"@type\":\"ListItem\",\"position\":2,\"name\":\"\u0130leti\u015fim\"}]},{\"@type\":\"WebSite\",\"@id\":\"https:\/\/atlasveteriner.net\/#website\",\"url\":\"https:\/\/atlasveteriner.net\/\",\"name\":\"Atlas Veteriner Klini\u011fi\",\"description\":\"\",\"publisher\":{\"@id\":\"https:\/\/atlasveteriner.net\/#organization\"},\"potentialAction\":[{\"@type\":\"SearchAction\",\"target\":{\"@type\":\"EntryPoint\",\"urlTemplate\":\"https:\/\/atlasveteriner.net\/?s={search_term_string}\"},\"query-input\":{\"@type\":\"PropertyValueSpecification\",\"valueRequired\":true,\"valueName\":\"search_term_string\"}}],\"inLanguage\":\"tr\"},{\"@type\":\"Organization\",\"@id\":\"https:\/\/atlasveteriner.net\/#organization\",\"name\":\"Atlas Veteriner Klini\u011fi\",\"url\":\"https:\/\/atlasveteriner.net\/\",\"logo\":{\"@type\":\"ImageObject\",\"inLanguage\":\"tr\",\"@id\":\"https:\/\/atlasveteriner.net\/#\/schema\/logo\/image\/\",\"url\":\"https:\/\/atlasveteriner.net\/wp-content\/uploads\/2024\/05\/cropped-Logo-05.png\",\"contentUrl\":\"https:\/\/atlasveteriner.net\/wp-content\/uploads\/2024\/05\/cropped-Logo-05.png\",\"width\":4544,\"height\":1563,\"caption\":\"Atlas Veteriner Klini\u011fi\"},\"image\":{\"@id\":\"https:\/\/atlasveteriner.net\/#\/schema\/logo\/image\/\"}}]}<\/script>\n<!-- \/ Yoast SEO plugin. -->","yoast_head_json":{"title":"\u0130leti\u015fim - Atlas Veteriner Klini\u011fi","description":"Atlas Veteriner Klini\u011fi Veteriner Hekim Tamer Toker \u0130leti\u015fim 0530 447 5817 Babata\u015f\u0131 Mahallesi Mustafa Kemal Bulvar\u0131 113\/B Fethiye\/Mu\u011fla","robots":{"index":"index","follow":"follow","max-snippet":"max-snippet:-1","max-image-preview":"max-image-preview:large","max-video-preview":"max-video-preview:-1"},"canonical":"https:\/\/atlasveteriner.net\/?page_id=34","og_locale":"tr_TR","og_type":"article","og_title":"\u0130leti\u015fim - Atlas Veteriner Klini\u011fi","og_description":"Atlas Veteriner Klini\u011fi Veteriner Hekim Tamer Toker \u0130leti\u015fim 0530 447 5817 Babata\u015f\u0131 Mahallesi Mustafa Kemal Bulvar\u0131 113\/B Fethiye\/Mu\u011fla","og_url":"https:\/\/atlasveteriner.net\/?page_id=34","og_site_name":"Atlas Veteriner Klini\u011fi","article_modified_time":"2024-05-11T10:25:41+00:00","twitter_card":"summary_large_image","twitter_misc":{"Tahmini okuma s\u00fcresi":"1 dakika"},"schema":{"@context":"https:\/\/schema.org","@graph":[{"@type":"WebPage","@id":"https:\/\/atlasveteriner.net\/?page_id=34","url":"https:\/\/atlasveteriner.net\/?page_id=34","name":"\u0130leti\u015fim - Atlas Veteriner Klini\u011fi","isPartOf":{"@id":"https:\/\/atlasveteriner.net\/#website"},"datePublished":"2024-05-11T09:36:40+00:00","dateModified":"2024-05-11T10:25:41+00:00","description":"Atlas Veteriner Klini\u011fi Veteriner Hekim Tamer Toker \u0130leti\u015fim 0530 447 5817 Babata\u015f\u0131 Mahallesi Mustafa Kemal Bulvar\u0131 113\/B Fethiye\/Mu\u011fla","breadcrumb":{"@id":"https:\/\/atlasveteriner.net\/?page_id=34#breadcrumb"},"inLanguage":"tr","potentialAction":[{"@type":"ReadAction","target":["https:\/\/atlasveteriner.net\/?page_id=34"]}]},{"@type":"BreadcrumbList","@id":"https:\/\/atlasveteriner.net\/?page_id=34#breadcrumb","itemListElement":[{"@type":"ListItem","position":1,"name":"Anasayfa","item":"https:\/\/atlasveteriner.net\/"},{"@type":"ListItem","position":2,"name":"\u0130leti\u015fim"}]},{"@type":"WebSite","@id":"https:\/\/atlasveteriner.net\/#website","url":"https:\/\/atlasveteriner.net\/","name":"Atlas Veteriner Klini\u011fi","description":"","publisher":{"@id":"https:\/\/atlasveteriner.net\/#organization"},"potentialAction":[{"@type":"SearchAction","target":{"@type":"EntryPoint","urlTemplate":"https:\/\/atlasveteriner.net\/?s={search_term_string}"},"query-input":{"@type":"PropertyValueSpecification","valueRequired":true,"valueName":"search_term_string"}}],"inLanguage":"tr"},{"@type":"Organization","@id":"https:\/\/atlasveteriner.net\/#organization","name":"Atlas Veteriner Klini\u011fi","url":"https:\/\/atlasveteriner.net\/","logo":{"@type":"ImageObject","inLanguage":"tr","@id":"https:\/\/atlasveteriner.net\/#\/schema\/logo\/image\/","url":"https:\/\/atlasveteriner.net\/wp-content\/uploads\/2024\/05\/cropped-Logo-05.png","contentUrl":"https:\/\/atlasveteriner.net\/wp-content\/uploads\/2024\/05\/cropped-Logo-05.png","width":4544,"height":1563,"caption":"Atlas Veteriner Klini\u011fi"},"image":{"@id":"https:\/\/atlasveteriner.net\/#\/schema\/logo\/image\/"}}]}},"_links":{"self":[{"href":"https:\/\/atlasveteriner.net\/index.php?rest_route=\/wp\/v2\/pages\/34","targetHints":{"allow":["GET"]}}],"collection":[{"href":"https:\/\/atlasveteriner.net\/index.php?rest_route=\/wp\/v2\/pages"}],"about":[{"href":"https:\/\/atlasveteriner.net\/index.php?rest_route=\/wp\/v2\/types\/page"}],"author":[{"embeddable":true,"href":"https:\/\/atlasveteriner.net\/index.php?rest_route=\/wp\/v2\/users\/1"}],"replies":[{"embeddable":true,"href":"https:\/\/atlasveteriner.net\/index.php?rest_route=%2Fwp%2Fv2%2Fcomments&post=34"}],"version-history":[{"count":12,"href":"https:\/\/atlasveteriner.net\/index.php?rest_route=\/wp\/v2\/pages\/34\/revisions"}],"predecessor-version":[{"id":91,"href":"https:\/\/atlasveteriner.net\/index.php?rest_route=\/wp\/v2\/pages\/34\/revisions\/91"}],"wp:attachment":[{"href":"https:\/\/atlasveteriner.net\/index.php?rest_route=%2Fwp%2Fv2%2Fmedia&parent=34"}],"curies":[{"name":"wp","href":"https:\/\/api.w.org\/{rel}","templated":true}]}}