{"id":32,"date":"2024-05-11T09:36:06","date_gmt":"2024-05-11T09:36:06","guid":{"rendered":"https:\/\/atlasveteriner.net\/?page_id=32"},"modified":"2024-05-19T19:01:18","modified_gmt":"2024-05-19T19:01:18","slug":"atlas-veteriner-klinigi","status":"publish","type":"page","link":"https:\/\/atlasveteriner.net\/","title":{"rendered":"Anasayfa"},"content":{"rendered":"\n<div class=\"wp-block-cover alignfull\" style=\"min-height:100vh;aspect-ratio:unset;\"><span aria-hidden=\"true\" class=\"wp-block-cover__background has-primary-background-color has-background-dim-60 has-background-dim\"><\/span><video class=\"wp-block-cover__video-background intrinsic-ignore\" autoplay muted loop playsinline src=\"https:\/\/atlasveteriner.net\/wp-content\/uploads\/2024\/05\/import_631d8d3843a222.27141211_720p_5000br-2.mp4\" data-object-fit=\"cover\"><\/video><div class=\"wp-block-cover__inner-container has-global-padding is-layout-constrained wp-block-cover-is-layout-constrained\">\n<p class=\"has-text-align-center has-white-color has-text-color has-max-60-font-size\" style=\"font-style:normal;font-weight:900;line-height:1.2\"><strong>Atlas Veteriner Klini\u011fi<\/strong><\/p>\n\n\n\n<p class=\"has-text-align-center has-white-color has-text-color has-medium-font-size\">Evcil dostunuz kadar benzersiz bir klinik deneyimi<\/p>\n\n\n\n<div style=\"height:55px\" aria-hidden=\"true\" class=\"wp-block-spacer\"><\/div>\n\n\n\n<div class=\"wp-block-buttons is-content-justification-center is-layout-flex wp-container-core-buttons-is-layout-a89b3969 wp-block-buttons-is-layout-flex\">\n<div class=\"wp-block-button\"><a class=\"wp-block-button__link has-text-color has-background has-link-color wp-element-button\" href=\"tel:+905304475817\" style=\"color:#2a2c2a;background-color:#9ed1c2\"><strong>RANDEVU AL<\/strong><\/a><\/div>\n<\/div>\n<\/div><\/div>\n\n\n\n<div class=\"wp-block-group alignfull has-global-padding is-layout-constrained wp-block-group-is-layout-constrained\">\n<div class=\"wp-block-group has-global-padding is-layout-constrained wp-block-group-is-layout-constrained\" style=\"padding-top:var(--wp--preset--spacing--small);padding-bottom:var(--wp--preset--spacing--small)\">\n<div style=\"height:30px\" aria-hidden=\"true\" class=\"wp-block-spacer\"><\/div>\n\n\n\n<div class=\"wp-block-columns is-layout-flex wp-container-core-columns-is-layout-c375d253 wp-block-columns-is-layout-flex\">\n<div class=\"wp-block-column is-vertically-aligned-center is-layout-flow wp-block-column-is-layout-flow\">\n<h2 class=\"wp-block-heading has-medium-font-size\" style=\"text-transform:uppercase\">Hakk\u0131m\u0131zda<\/h2>\n\n\n\n<p>\u00d6ncelikli amac\u0131m\u0131z, hayvan severler olarak dostlar\u0131n\u0131z\u0131 hastal\u0131klardan uzak tutacak tedbirleri almak, hayat standartlar\u0131n\u0131 y\u00fckseltmektir. Ayn\u0131 zamanda sizleri bu konularda bilin\u00e7lendirmek ve y\u00f6nlendirmektir. Her \u015feye ra\u011fmen siz, duyarl\u0131-hayvan sever bireyler olarak ilgiye muhta\u00e7 sokak hayvanlar\u0131 ve onlar\u0131n bula\u015ft\u0131rabilece\u011fi hastal\u0131klar\u0131n yay\u0131lmas\u0131n\u0131 ve sorumlulu\u011funuzda olan dostlar\u0131n\u0131za bula\u015fmas\u0131na engel olamayabilirsiniz. Bunun yan\u0131nda acil m\u00fcdahale gerektiren kaza, zehirlenme, y\u00fcksekten d\u00fc\u015fme gibi sa\u011fl\u0131k sorunlar\u0131yla da kar\u015f\u0131la\u015fabilirsiniz. T\u00fcm bu durumlara kar\u015f\u0131 profesyonel destek almaya ihtiya\u00e7 duyman\u0131z durumunda biz yan\u0131n\u0131zday\u0131z. <\/p>\n<\/div>\n\n\n\n<div class=\"wp-block-column is-layout-flow wp-block-column-is-layout-flow\">\n<figure class=\"wp-block-image size-large\"><img loading=\"lazy\" decoding=\"async\" width=\"1024\" height=\"683\" src=\"https:\/\/atlasveteriner.net\/wp-content\/uploads\/2024\/05\/Klinik-1024x683.jpg\" alt=\"Atlas Veteriner Klini\u011fi \" class=\"wp-image-48\" srcset=\"https:\/\/atlasveteriner.net\/wp-content\/uploads\/2024\/05\/Klinik-1024x683.jpg 1024w, https:\/\/atlasveteriner.net\/wp-content\/uploads\/2024\/05\/Klinik-300x200.jpg 300w, https:\/\/atlasveteriner.net\/wp-content\/uploads\/2024\/05\/Klinik-2000x1333.jpg 2000w\" sizes=\"auto, (max-width: 1024px) 100vw, 1024px\" \/><\/figure>\n<\/div>\n<\/div>\n\n\n\n<div style=\"height:30px\" aria-hidden=\"true\" class=\"wp-block-spacer\"><\/div>\n<\/div>\n<\/div>\n\n\n\n<div class=\"wp-block-group alignfull has-background has-global-padding is-layout-constrained wp-block-group-is-layout-constrained\" style=\"background-color:#f8f8f8\">\n<div class=\"wp-block-group has-global-padding is-layout-constrained wp-block-group-is-layout-constrained\" style=\"padding-top:var(--wp--preset--spacing--small);padding-bottom:var(--wp--preset--spacing--small)\">\n<div style=\"height:30px\" aria-hidden=\"true\" class=\"wp-block-spacer\"><\/div>\n\n\n\n<div class=\"wp-block-columns are-vertically-aligned-center is-layout-flex wp-container-core-columns-is-layout-28660b4c wp-block-columns-is-layout-flex\" style=\"margin-top:0;margin-bottom:0;padding-top:0;padding-right:0;padding-bottom:0;padding-left:0\">\n<div class=\"wp-block-column is-vertically-aligned-center has-global-padding is-layout-constrained wp-container-core-column-is-layout-7db9d80f wp-block-column-is-layout-constrained\" style=\"padding-right:0;padding-left:0\">\n<figure class=\"wp-block-image aligncenter size-large is-resized\"><img loading=\"lazy\" decoding=\"async\" width=\"1024\" height=\"683\" src=\"https:\/\/atlasveteriner.net\/wp-content\/uploads\/2024\/05\/Klinik3-1024x683.jpg\" alt=\"Atlas Veteriner Klini\u011fi 2\" class=\"wp-image-69\" style=\"width:528px;height:auto\" srcset=\"https:\/\/atlasveteriner.net\/wp-content\/uploads\/2024\/05\/Klinik3-1024x683.jpg 1024w, https:\/\/atlasveteriner.net\/wp-content\/uploads\/2024\/05\/Klinik3-300x200.jpg 300w, https:\/\/atlasveteriner.net\/wp-content\/uploads\/2024\/05\/Klinik3-2000x1333.jpg 2000w\" sizes=\"auto, (max-width: 1024px) 100vw, 1024px\" \/><\/figure>\n<\/div>\n\n\n\n<div class=\"wp-block-column is-vertically-aligned-center is-layout-flow wp-block-column-is-layout-flow\">\n<h2 class=\"wp-block-heading has-medium-font-size\" style=\"text-transform:uppercase\">hedeflerimiz<\/h2>\n\n\n\n<p>Atlas Veteriner Klini\u011fi olarak sizlere g\u00fcler y\u00fczl\u00fc, temiz ve kaliteli hizmeti dostlar\u0131n\u0131za ise sevgili, \u015fefkatli ve bilimsel yakla\u015f\u0131m\u0131 kendimize ama\u00e7 edindik. Gerek koruyucu gerekse tedavi giri\u015fimlerinde size do\u011fru bilgiyi ve y\u00f6ntemi en uygun maliyete, dostlar\u0131n\u0131za ise en etkili tedaviyi en ac\u0131s\u0131z ve kolay y\u00f6ntemle uygulamay\u0131 sa\u011fl\u0131yoruz.<\/p>\n\n\n\n<div class=\"wp-block-buttons is-layout-flex wp-block-buttons-is-layout-flex\">\n<div class=\"wp-block-button\"><a class=\"wp-block-button__link wp-element-button\" href=\"https:\/\/atlasveteriner.net\/?page_id=34\">\u0130LET\u0130\u015e\u0130M<\/a><\/div>\n<\/div>\n<\/div>\n<\/div>\n\n\n\n<div style=\"height:30px\" aria-hidden=\"true\" class=\"wp-block-spacer\"><\/div>\n<\/div>\n<\/div>\n\n\n\n<div class=\"wp-block-group alignfull has-global-padding is-layout-constrained wp-block-group-is-layout-constrained\">\n<div class=\"wp-block-group has-global-padding is-layout-constrained wp-block-group-is-layout-constrained\" style=\"padding-top:var(--wp--preset--spacing--small);padding-bottom:var(--wp--preset--spacing--small)\">\n<div style=\"height:30px\" aria-hidden=\"true\" class=\"wp-block-spacer\"><\/div>\n\n\n\n<div class=\"wp-block-columns is-layout-flex wp-container-core-columns-is-layout-c375d253 wp-block-columns-is-layout-flex\">\n<div class=\"wp-block-column is-vertically-aligned-center is-layout-flow wp-block-column-is-layout-flow\">\n<h2 class=\"wp-block-heading has-medium-font-size\" style=\"text-transform:uppercase\">Veter\u0130ner hek\u0130m tamer toker<\/h2>\n\n\n\n<p>1990 y\u0131l\u0131nda \u0130stanbul\u2019da do\u011fdu. \u0130lkokul \u0130stanbul, ortaokul Mara\u015f ve lise e\u011fitimini D\u00fczce\u2019de tamamlad\u0131. 2011 y\u0131l\u0131nda Konya Sel\u00e7uk \u00dcniversite Veteriner Fak\u00fcltesi\u2019nden mezun oldu. Kocaeli Ye\u015fil Veteriner Klini\u011fi, Kocaeli \u00d6yk\u00fcm Veteriner Klini\u011fi, Yalova \u00c7\u0131narc\u0131k Veteriner Klini\u011fi, Konya Sel\u00e7uk \u00dcniversitesi Hayvan Hastanesi ve \u00d6zel Fethiye B\u00f6lge Hayvan Hastanesi\u2019nde g\u00f6rev yapt\u0131. 2024 \u015eubat ay\u0131nda Atlas Veteriner Klini\u011fi\u2019ni hizmete a\u00e7t\u0131. Evli ve 1 \u00e7ocuk babas\u0131d\u0131r.<\/p>\n<\/div>\n\n\n\n<div class=\"wp-block-column is-layout-flow wp-block-column-is-layout-flow\">\n<figure class=\"wp-block-image size-large\"><img loading=\"lazy\" decoding=\"async\" width=\"1024\" height=\"683\" src=\"https:\/\/atlasveteriner.net\/wp-content\/uploads\/2024\/05\/Tamer-Toker_2-1-1024x683.jpg\" alt=\"Veteriner Hekim Tamer Toker\" class=\"wp-image-49\" srcset=\"https:\/\/atlasveteriner.net\/wp-content\/uploads\/2024\/05\/Tamer-Toker_2-1-1024x683.jpg 1024w, https:\/\/atlasveteriner.net\/wp-content\/uploads\/2024\/05\/Tamer-Toker_2-1-300x200.jpg 300w, https:\/\/atlasveteriner.net\/wp-content\/uploads\/2024\/05\/Tamer-Toker_2-1-2000x1333.jpg 2000w\" sizes=\"auto, (max-width: 1024px) 100vw, 1024px\" \/><\/figure>\n<\/div>\n<\/div>\n\n\n\n<div style=\"height:30px\" aria-hidden=\"true\" class=\"wp-block-spacer\"><\/div>\n<\/div>\n<\/div>\n\n\n\n<p><\/p>\n","protected":false},"excerpt":{"rendered":"<p>Hakk\u0131m\u0131zda \u00d6ncelikli amac\u0131m\u0131z, hayvan severler olarak dostlar\u0131n\u0131z\u0131 hastal\u0131klardan uzak tutacak tedbirleri almak, hayat standartlar\u0131n\u0131 y\u00fckseltmektir. Ayn\u0131 zamanda sizleri bu konularda bilin\u00e7lendirmek ve y\u00f6nlendirmektir. Her \u015feye ra\u011fmen siz, duyarl\u0131-hayvan sever bireyler olarak ilgiye muhta\u00e7 sokak hayvanlar\u0131 ve onlar\u0131n bula\u015ft\u0131rabilece\u011fi hastal\u0131klar\u0131n yay\u0131lmas\u0131n\u0131 ve sorumlulu\u011funuzda olan dostlar\u0131n\u0131za bula\u015fmas\u0131na engel olamayabilirsiniz. Bunun yan\u0131nda acil m\u00fcdahale gerektiren kaza, zehirlenme, y\u00fcksekten &hellip; <\/p>\n<p class=\"link-more\"><a href=\"https:\/\/atlasveteriner.net\/\" class=\"more-link\"><span class=\"screen-reader-text\"> &#8220;Anasayfa&#8221;<\/span>devam\u0131n\u0131 oku<\/a><\/p>\n","protected":false},"author":1,"featured_media":0,"parent":0,"menu_order":0,"comment_status":"closed","ping_status":"closed","template":"page-templates\/homepage-no-hero.php","meta":{"footnotes":""},"class_list":["post-32","page","type-page","status-publish","hentry"],"yoast_head":"<!-- This site is optimized with the Yoast SEO plugin v23.4 - https:\/\/yoast.com\/wordpress\/plugins\/seo\/ -->\n<title>Anasayfa - Atlas Veteriner Klini\u011fi<\/title>\n<meta name=\"description\" content=\"Atlas Veteriner Klini\u011fi Veteriner Hekim Tamer Toker 0530 447 5817 Babata\u015f\u0131 Mahallesi Mustafa Kemal Bulvar\u0131 113\/B Fethiye\/Mu\u011fla\" \/>\n<meta name=\"robots\" content=\"index, follow, max-snippet:-1, max-image-preview:large, max-video-preview:-1\" \/>\n<link rel=\"canonical\" href=\"https:\/\/atlasveteriner.net\/\" \/>\n<meta property=\"og:locale\" content=\"tr_TR\" \/>\n<meta property=\"og:type\" content=\"article\" \/>\n<meta property=\"og:title\" content=\"Anasayfa - Atlas Veteriner Klini\u011fi\" \/>\n<meta property=\"og:description\" content=\"Atlas Veteriner Klini\u011fi Veteriner Hekim Tamer Toker 0530 447 5817 Babata\u015f\u0131 Mahallesi Mustafa Kemal Bulvar\u0131 113\/B Fethiye\/Mu\u011fla\" \/>\n<meta property=\"og:url\" content=\"https:\/\/atlasveteriner.net\/\" \/>\n<meta property=\"og:site_name\" content=\"Atlas Veteriner Klini\u011fi\" \/>\n<meta property=\"article:modified_time\" content=\"2024-05-19T19:01:18+00:00\" \/>\n<meta property=\"og:image\" content=\"https:\/\/atlasveteriner.net\/wp-content\/uploads\/2024\/05\/Klinik-1024x683.jpg\" \/>\n<meta name=\"twitter:card\" content=\"summary_large_image\" \/>\n<meta name=\"twitter:label1\" content=\"Tahmini okuma s\u00fcresi\" \/>\n\t<meta name=\"twitter:data1\" content=\"2 dakika\" \/>\n<script type=\"application\/ld+json\" class=\"yoast-schema-graph\">{\"@context\":\"https:\/\/schema.org\",\"@graph\":[{\"@type\":\"WebPage\",\"@id\":\"https:\/\/atlasveteriner.net\/\",\"url\":\"https:\/\/atlasveteriner.net\/\",\"name\":\"Anasayfa - Atlas Veteriner Klini\u011fi\",\"isPartOf\":{\"@id\":\"https:\/\/atlasveteriner.net\/#website\"},\"primaryImageOfPage\":{\"@id\":\"https:\/\/atlasveteriner.net\/#primaryimage\"},\"image\":{\"@id\":\"https:\/\/atlasveteriner.net\/#primaryimage\"},\"thumbnailUrl\":\"https:\/\/atlasveteriner.net\/wp-content\/uploads\/2024\/05\/Klinik-1024x683.jpg\",\"datePublished\":\"2024-05-11T09:36:06+00:00\",\"dateModified\":\"2024-05-19T19:01:18+00:00\",\"description\":\"Atlas Veteriner Klini\u011fi Veteriner Hekim Tamer Toker 0530 447 5817 Babata\u015f\u0131 Mahallesi Mustafa Kemal Bulvar\u0131 113\/B Fethiye\/Mu\u011fla\",\"breadcrumb\":{\"@id\":\"https:\/\/atlasveteriner.net\/#breadcrumb\"},\"inLanguage\":\"tr\",\"potentialAction\":[{\"@type\":\"ReadAction\",\"target\":[\"https:\/\/atlasveteriner.net\/\"]}]},{\"@type\":\"ImageObject\",\"inLanguage\":\"tr\",\"@id\":\"https:\/\/atlasveteriner.net\/#primaryimage\",\"url\":\"https:\/\/atlasveteriner.net\/wp-content\/uploads\/2024\/05\/Klinik-scaled.jpg\",\"contentUrl\":\"https:\/\/atlasveteriner.net\/wp-content\/uploads\/2024\/05\/Klinik-scaled.jpg\",\"width\":2560,\"height\":1707},{\"@type\":\"BreadcrumbList\",\"@id\":\"https:\/\/atlasveteriner.net\/#breadcrumb\",\"itemListElement\":[{\"@type\":\"ListItem\",\"position\":1,\"name\":\"Anasayfa\",\"item\":\"https:\/\/atlasveteriner.net\/\"},{\"@type\":\"ListItem\",\"position\":2,\"name\":\"Anasayfa\"}]},{\"@type\":\"WebSite\",\"@id\":\"https:\/\/atlasveteriner.net\/#website\",\"url\":\"https:\/\/atlasveteriner.net\/\",\"name\":\"Atlas Veteriner Klini\u011fi\",\"description\":\"\",\"publisher\":{\"@id\":\"https:\/\/atlasveteriner.net\/#organization\"},\"potentialAction\":[{\"@type\":\"SearchAction\",\"target\":{\"@type\":\"EntryPoint\",\"urlTemplate\":\"https:\/\/atlasveteriner.net\/?s={search_term_string}\"},\"query-input\":{\"@type\":\"PropertyValueSpecification\",\"valueRequired\":true,\"valueName\":\"search_term_string\"}}],\"inLanguage\":\"tr\"},{\"@type\":\"Organization\",\"@id\":\"https:\/\/atlasveteriner.net\/#organization\",\"name\":\"Atlas Veteriner Klini\u011fi\",\"url\":\"https:\/\/atlasveteriner.net\/\",\"logo\":{\"@type\":\"ImageObject\",\"inLanguage\":\"tr\",\"@id\":\"https:\/\/atlasveteriner.net\/#\/schema\/logo\/image\/\",\"url\":\"https:\/\/atlasveteriner.net\/wp-content\/uploads\/2024\/05\/cropped-Logo-05.png\",\"contentUrl\":\"https:\/\/atlasveteriner.net\/wp-content\/uploads\/2024\/05\/cropped-Logo-05.png\",\"width\":4544,\"height\":1563,\"caption\":\"Atlas Veteriner Klini\u011fi\"},\"image\":{\"@id\":\"https:\/\/atlasveteriner.net\/#\/schema\/logo\/image\/\"}}]}<\/script>\n<!-- \/ Yoast SEO plugin. -->","yoast_head_json":{"title":"Anasayfa - Atlas Veteriner Klini\u011fi","description":"Atlas Veteriner Klini\u011fi Veteriner Hekim Tamer Toker 0530 447 5817 Babata\u015f\u0131 Mahallesi Mustafa Kemal Bulvar\u0131 113\/B Fethiye\/Mu\u011fla","robots":{"index":"index","follow":"follow","max-snippet":"max-snippet:-1","max-image-preview":"max-image-preview:large","max-video-preview":"max-video-preview:-1"},"canonical":"https:\/\/atlasveteriner.net\/","og_locale":"tr_TR","og_type":"article","og_title":"Anasayfa - Atlas Veteriner Klini\u011fi","og_description":"Atlas Veteriner Klini\u011fi Veteriner Hekim Tamer Toker 0530 447 5817 Babata\u015f\u0131 Mahallesi Mustafa Kemal Bulvar\u0131 113\/B Fethiye\/Mu\u011fla","og_url":"https:\/\/atlasveteriner.net\/","og_site_name":"Atlas Veteriner Klini\u011fi","article_modified_time":"2024-05-19T19:01:18+00:00","og_image":[{"url":"https:\/\/atlasveteriner.net\/wp-content\/uploads\/2024\/05\/Klinik-1024x683.jpg"}],"twitter_card":"summary_large_image","twitter_misc":{"Tahmini okuma s\u00fcresi":"2 dakika"},"schema":{"@context":"https:\/\/schema.org","@graph":[{"@type":"WebPage","@id":"https:\/\/atlasveteriner.net\/","url":"https:\/\/atlasveteriner.net\/","name":"Anasayfa - Atlas Veteriner Klini\u011fi","isPartOf":{"@id":"https:\/\/atlasveteriner.net\/#website"},"primaryImageOfPage":{"@id":"https:\/\/atlasveteriner.net\/#primaryimage"},"image":{"@id":"https:\/\/atlasveteriner.net\/#primaryimage"},"thumbnailUrl":"https:\/\/atlasveteriner.net\/wp-content\/uploads\/2024\/05\/Klinik-1024x683.jpg","datePublished":"2024-05-11T09:36:06+00:00","dateModified":"2024-05-19T19:01:18+00:00","description":"Atlas Veteriner Klini\u011fi Veteriner Hekim Tamer Toker 0530 447 5817 Babata\u015f\u0131 Mahallesi Mustafa Kemal Bulvar\u0131 113\/B Fethiye\/Mu\u011fla","breadcrumb":{"@id":"https:\/\/atlasveteriner.net\/#breadcrumb"},"inLanguage":"tr","potentialAction":[{"@type":"ReadAction","target":["https:\/\/atlasveteriner.net\/"]}]},{"@type":"ImageObject","inLanguage":"tr","@id":"https:\/\/atlasveteriner.net\/#primaryimage","url":"https:\/\/atlasveteriner.net\/wp-content\/uploads\/2024\/05\/Klinik-scaled.jpg","contentUrl":"https:\/\/atlasveteriner.net\/wp-content\/uploads\/2024\/05\/Klinik-scaled.jpg","width":2560,"height":1707},{"@type":"BreadcrumbList","@id":"https:\/\/atlasveteriner.net\/#breadcrumb","itemListElement":[{"@type":"ListItem","position":1,"name":"Anasayfa","item":"https:\/\/atlasveteriner.net\/"},{"@type":"ListItem","position":2,"name":"Anasayfa"}]},{"@type":"WebSite","@id":"https:\/\/atlasveteriner.net\/#website","url":"https:\/\/atlasveteriner.net\/","name":"Atlas Veteriner Klini\u011fi","description":"","publisher":{"@id":"https:\/\/atlasveteriner.net\/#organization"},"potentialAction":[{"@type":"SearchAction","target":{"@type":"EntryPoint","urlTemplate":"https:\/\/atlasveteriner.net\/?s={search_term_string}"},"query-input":{"@type":"PropertyValueSpecification","valueRequired":true,"valueName":"search_term_string"}}],"inLanguage":"tr"},{"@type":"Organization","@id":"https:\/\/atlasveteriner.net\/#organization","name":"Atlas Veteriner Klini\u011fi","url":"https:\/\/atlasveteriner.net\/","logo":{"@type":"ImageObject","inLanguage":"tr","@id":"https:\/\/atlasveteriner.net\/#\/schema\/logo\/image\/","url":"https:\/\/atlasveteriner.net\/wp-content\/uploads\/2024\/05\/cropped-Logo-05.png","contentUrl":"https:\/\/atlasveteriner.net\/wp-content\/uploads\/2024\/05\/cropped-Logo-05.png","width":4544,"height":1563,"caption":"Atlas Veteriner Klini\u011fi"},"image":{"@id":"https:\/\/atlasveteriner.net\/#\/schema\/logo\/image\/"}}]}},"_links":{"self":[{"href":"https:\/\/atlasveteriner.net\/index.php?rest_route=\/wp\/v2\/pages\/32","targetHints":{"allow":["GET"]}}],"collection":[{"href":"https:\/\/atlasveteriner.net\/index.php?rest_route=\/wp\/v2\/pages"}],"about":[{"href":"https:\/\/atlasveteriner.net\/index.php?rest_route=\/wp\/v2\/types\/page"}],"author":[{"embeddable":true,"href":"https:\/\/atlasveteriner.net\/index.php?rest_route=\/wp\/v2\/users\/1"}],"replies":[{"embeddable":true,"href":"https:\/\/atlasveteriner.net\/index.php?rest_route=%2Fwp%2Fv2%2Fcomments&post=32"}],"version-history":[{"count":9,"href":"https:\/\/atlasveteriner.net\/index.php?rest_route=\/wp\/v2\/pages\/32\/revisions"}],"predecessor-version":[{"id":99,"href":"https:\/\/atlasveteriner.net\/index.php?rest_route=\/wp\/v2\/pages\/32\/revisions\/99"}],"wp:attachment":[{"href":"https:\/\/atlasveteriner.net\/index.php?rest_route=%2Fwp%2Fv2%2Fmedia&parent=32"}],"curies":[{"name":"wp","href":"https:\/\/api.w.org\/{rel}","templated":true}]}}